{"id":515,"date":"2021-04-29T11:34:20","date_gmt":"2021-04-29T11:34:20","guid":{"rendered":"https:\/\/demosites.io\/nonprofit\/?page_id=515"},"modified":"2022-10-23T16:17:50","modified_gmt":"2022-10-23T16:17:50","slug":"a0c5a-home","status":"publish","type":"page","link":"https:\/\/www.pensionespana.es\/web\/","title":{"rendered":"Home"},"content":{"rendered":"\t\t<div data-elementor-type=\"wp-page\" data-elementor-id=\"515\" class=\"elementor elementor-515\">\n\t\t\t\t\t\t<section class=\"elementor-section elementor-top-section elementor-element elementor-element-5f1f67a elementor-section-full_width elementor-section-height-min-height elementor-section-height-default elementor-section-items-middle\" data-id=\"5f1f67a\" data-element_type=\"section\" data-e-type=\"section\" data-settings=\"{&quot;background_background&quot;:&quot;slideshow&quot;,&quot;background_slideshow_gallery&quot;:[{&quot;id&quot;:576,&quot;url&quot;:&quot;https:\\\/\\\/www.pensionespana.es\\\/web\\\/wp-content\\\/uploads\\\/2022\\\/10\\\/patio-pension-espana-cadiz-scaled.jpeg&quot;},{&quot;id&quot;:575,&quot;url&quot;:&quot;https:\\\/\\\/www.pensionespana.es\\\/web\\\/wp-content\\\/uploads\\\/2022\\\/10\\\/hostal-en-centro-de-cadiz-scaled.jpeg&quot;},{&quot;id&quot;:574,&quot;url&quot;:&quot;https:\\\/\\\/www.pensionespana.es\\\/web\\\/wp-content\\\/uploads\\\/2022\\\/10\\\/hall-pension-espana-cadiz-scaled.jpeg&quot;}],&quot;background_slideshow_transition_duration&quot;:2000,&quot;background_slideshow_loop&quot;:&quot;yes&quot;,&quot;background_slideshow_slide_duration&quot;:5000,&quot;background_slideshow_slide_transition&quot;:&quot;fade&quot;}\">\n\t\t\t\t\t\t<div class=\"elementor-container elementor-column-gap-default\">\n\t\t\t\t\t<div class=\"elementor-column elementor-col-100 elementor-top-column elementor-element elementor-element-8483b41\" data-id=\"8483b41\" data-element_type=\"column\" data-e-type=\"column\">\n\t\t\t<div class=\"elementor-widget-wrap\">\n\t\t\t\t\t\t\t<\/div>\n\t\t<\/div>\n\t\t\t\t\t<\/div>\n\t\t<\/section>\n\t\t\t\t<section class=\"elementor-section elementor-top-section elementor-element elementor-element-3abc568 elementor-section-boxed elementor-section-height-default elementor-section-height-default\" data-id=\"3abc568\" data-element_type=\"section\" data-e-type=\"section\" data-settings=\"{&quot;background_background&quot;:&quot;classic&quot;}\">\n\t\t\t\t\t\t<div class=\"elementor-container elementor-column-gap-default\">\n\t\t\t\t\t<div class=\"elementor-column elementor-col-100 elementor-top-column elementor-element elementor-element-7f54a69\" data-id=\"7f54a69\" data-element_type=\"column\" data-e-type=\"column\">\n\t\t\t<div class=\"elementor-widget-wrap elementor-element-populated\">\n\t\t\t\t\t\t<section class=\"elementor-section elementor-inner-section elementor-element elementor-element-6d240c5 elementor-section-boxed elementor-section-height-default elementor-section-height-default\" data-id=\"6d240c5\" data-element_type=\"section\" data-e-type=\"section\">\n\t\t\t\t\t\t<div class=\"elementor-container elementor-column-gap-default\">\n\t\t\t\t\t<div class=\"elementor-column elementor-col-50 elementor-inner-column elementor-element elementor-element-9966ad5\" data-id=\"9966ad5\" data-element_type=\"column\" data-e-type=\"column\" data-settings=\"{&quot;background_background&quot;:&quot;classic&quot;}\">\n\t\t\t<div class=\"elementor-widget-wrap elementor-element-populated\">\n\t\t\t\t\t\t<div class=\"elementor-element elementor-element-4465817 elementor-widget elementor-widget-heading\" data-id=\"4465817\" data-element_type=\"widget\" data-e-type=\"widget\" data-widget_type=\"heading.default\">\n\t\t\t\t<div class=\"elementor-widget-container\">\n\t\t\t\t\t<h2 class=\"elementor-heading-title elementor-size-default\">Localizaci\u00f3n<\/h2>\t\t\t\t<\/div>\n\t\t\t\t<\/div>\n\t\t\t\t<div class=\"elementor-element elementor-element-2a6451e elementor-widget elementor-widget-text-editor\" data-id=\"2a6451e\" data-element_type=\"widget\" data-e-type=\"widget\" data-widget_type=\"text-editor.default\">\n\t\t\t\t<div class=\"elementor-widget-container\">\n\t\t\t\t\t\t\t\t\t<p>La Pensi\u00f3n Espa\u00f1a est\u00e1 ubicada en un edificio del Siglo XVIII restaurado donde a\u00fan se conserva la estructura original. Disponemos de recepci\u00f3n 24 horas, venta de bebidas, zona de conexi\u00f3n wifi-gratuita y consigna donde dejar la maleta. Debido a las caracter\u00edsticas arquitect\u00f3nicas de este edificio no disponemos de ascensor. Estaremos encantados de facilitar informaci\u00f3n de la ciudad y nos encargaremos de hacer que la estancia sea placentera.<\/p>\t\t\t\t\t\t\t\t<\/div>\n\t\t\t\t<\/div>\n\t\t\t\t\t<\/div>\n\t\t<\/div>\n\t\t\t\t<div class=\"elementor-column elementor-col-50 elementor-inner-column elementor-element elementor-element-8b1dddd\" data-id=\"8b1dddd\" data-element_type=\"column\" data-e-type=\"column\">\n\t\t\t<div class=\"elementor-widget-wrap elementor-element-populated\">\n\t\t\t\t\t\t<div class=\"elementor-element elementor-element-55a3812 elementor-widget elementor-widget-image\" data-id=\"55a3812\" data-element_type=\"widget\" data-e-type=\"widget\" data-widget_type=\"image.default\">\n\t\t\t\t<div class=\"elementor-widget-container\">\n\t\t\t\t\t\t\t\t\t\t\t\t\t\t\t<img fetchpriority=\"high\" decoding=\"async\" data-attachment-id=\"551\" data-permalink=\"https:\/\/www.pensionespana.es\/web\/cadiz\/\" data-orig-file=\"https:\/\/www.pensionespana.es\/web\/wp-content\/uploads\/2022\/10\/cadiz-scaled.jpg\" data-orig-size=\"2560,1707\" data-comments-opened=\"1\" data-image-meta=\"{&quot;aperture&quot;:&quot;0&quot;,&quot;credit&quot;:&quot;&quot;,&quot;camera&quot;:&quot;&quot;,&quot;caption&quot;:&quot;&quot;,&quot;created_timestamp&quot;:&quot;0&quot;,&quot;copyright&quot;:&quot;&quot;,&quot;focal_length&quot;:&quot;0&quot;,&quot;iso&quot;:&quot;0&quot;,&quot;shutter_speed&quot;:&quot;0&quot;,&quot;title&quot;:&quot;&quot;,&quot;orientation&quot;:&quot;0&quot;}\" data-image-title=\"c\u00e1diz\" data-image-description=\"\" data-image-caption=\"\" data-large-file=\"https:\/\/www.pensionespana.es\/web\/wp-content\/uploads\/2022\/10\/cadiz-1024x683.jpg\" width=\"1024\" height=\"683\" src=\"https:\/\/www.pensionespana.es\/web\/wp-content\/uploads\/2022\/10\/cadiz-1024x683.jpg\" class=\"attachment-large size-large wp-image-551\" alt=\"\" srcset=\"https:\/\/www.pensionespana.es\/web\/wp-content\/uploads\/2022\/10\/cadiz-1024x683.jpg 1024w, https:\/\/www.pensionespana.es\/web\/wp-content\/uploads\/2022\/10\/cadiz-300x200.jpg 300w, https:\/\/www.pensionespana.es\/web\/wp-content\/uploads\/2022\/10\/cadiz-768x512.jpg 768w, https:\/\/www.pensionespana.es\/web\/wp-content\/uploads\/2022\/10\/cadiz-1536x1024.jpg 1536w, https:\/\/www.pensionespana.es\/web\/wp-content\/uploads\/2022\/10\/cadiz-2048x1365.jpg 2048w, https:\/\/www.pensionespana.es\/web\/wp-content\/uploads\/2022\/10\/cadiz-930x620.jpg 930w\" sizes=\"(max-width: 1024px) 100vw, 1024px\" data-attachment-id=\"551\" data-permalink=\"https:\/\/www.pensionespana.es\/web\/cadiz\/\" data-orig-file=\"https:\/\/www.pensionespana.es\/web\/wp-content\/uploads\/2022\/10\/cadiz-scaled.jpg\" data-orig-size=\"2560,1707\" data-comments-opened=\"1\" data-image-meta=\"{&quot;aperture&quot;:&quot;0&quot;,&quot;credit&quot;:&quot;&quot;,&quot;camera&quot;:&quot;&quot;,&quot;caption&quot;:&quot;&quot;,&quot;created_timestamp&quot;:&quot;0&quot;,&quot;copyright&quot;:&quot;&quot;,&quot;focal_length&quot;:&quot;0&quot;,&quot;iso&quot;:&quot;0&quot;,&quot;shutter_speed&quot;:&quot;0&quot;,&quot;title&quot;:&quot;&quot;,&quot;orientation&quot;:&quot;0&quot;}\" data-image-title=\"c\u00e1diz\" data-image-description=\"\" data-image-caption=\"\" data-large-file=\"https:\/\/www.pensionespana.es\/web\/wp-content\/uploads\/2022\/10\/cadiz-1024x683.jpg\" \/>\t\t\t\t\t\t\t\t\t\t\t\t\t\t\t<\/div>\n\t\t\t\t<\/div>\n\t\t\t\t\t<\/div>\n\t\t<\/div>\n\t\t\t\t\t<\/div>\n\t\t<\/section>\n\t\t\t\t<section class=\"elementor-section elementor-inner-section elementor-element elementor-element-57e9274 elementor-section-boxed elementor-section-height-default elementor-section-height-default\" data-id=\"57e9274\" data-element_type=\"section\" data-e-type=\"section\">\n\t\t\t\t\t\t<div class=\"elementor-container elementor-column-gap-default\">\n\t\t\t\t\t<div class=\"elementor-column elementor-col-50 elementor-inner-column elementor-element elementor-element-db8f74a\" data-id=\"db8f74a\" data-element_type=\"column\" data-e-type=\"column\" data-settings=\"{&quot;background_background&quot;:&quot;classic&quot;}\">\n\t\t\t<div class=\"elementor-widget-wrap elementor-element-populated\">\n\t\t\t\t\t\t<div class=\"elementor-element elementor-element-3e6e7a3 elementor-widget elementor-widget-spacer\" data-id=\"3e6e7a3\" data-element_type=\"widget\" data-e-type=\"widget\" data-widget_type=\"spacer.default\">\n\t\t\t\t<div class=\"elementor-widget-container\">\n\t\t\t\t\t\t\t<div class=\"elementor-spacer\">\n\t\t\t<div class=\"elementor-spacer-inner\"><\/div>\n\t\t<\/div>\n\t\t\t\t\t\t<\/div>\n\t\t\t\t<\/div>\n\t\t\t\t<div class=\"elementor-element elementor-element-ab75bd4 elementor-widget elementor-widget-image-gallery\" data-id=\"ab75bd4\" data-element_type=\"widget\" data-e-type=\"widget\" data-widget_type=\"image-gallery.default\">\n\t\t\t\t<div class=\"elementor-widget-container\">\n\t\t\t\t\t\t\t<div class=\"elementor-image-gallery\">\n\t\t\t<div data-carousel-extra='{&quot;blog_id&quot;:1,&quot;permalink&quot;:&quot;https:\/\/www.pensionespana.es\/web\/&quot;}' id='gallery-1' class='gallery galleryid-515 gallery-columns-3 gallery-size-thumbnail'><figure class='gallery-item'>\n\t\t\t<div class='gallery-icon landscape'>\n\t\t\t\t<a data-elementor-open-lightbox=\"yes\" data-elementor-lightbox-slideshow=\"ab75bd4\" data-elementor-lightbox-title=\"terraza pension espa\u00f1a cadiz\" data-e-action-hash=\"#elementor-action%3Aaction%3Dlightbox%26settings%3DeyJpZCI6NTg5LCJ1cmwiOiJodHRwczpcL1wvd3d3LnBlbnNpb25lc3BhbmEuZXNcL3dlYlwvd3AtY29udGVudFwvdXBsb2Fkc1wvMjAyMlwvMTBcL3RlcnJhemEtcGVuc2lvbi1lc3BhbmEtY2FkaXotc2NhbGVkLmpwZWciLCJzbGlkZXNob3ciOiJhYjc1YmQ0In0%3D\" href='https:\/\/www.pensionespana.es\/web\/wp-content\/uploads\/2022\/10\/terraza-pension-espana-cadiz-scaled.jpeg'><img decoding=\"async\" width=\"150\" height=\"150\" src=\"https:\/\/www.pensionespana.es\/web\/wp-content\/uploads\/2022\/10\/terraza-pension-espana-cadiz-150x150.jpeg\" class=\"attachment-thumbnail size-thumbnail\" alt=\"Terraza pensi\u00f3n Espa\u00f1a\" data-attachment-id=\"589\" data-permalink=\"https:\/\/www.pensionespana.es\/web\/terraza-pension-espana-cadiz\/\" data-orig-file=\"https:\/\/www.pensionespana.es\/web\/wp-content\/uploads\/2022\/10\/terraza-pension-espana-cadiz-scaled.jpeg\" data-orig-size=\"2560,1920\" data-comments-opened=\"1\" data-image-meta=\"{&quot;aperture&quot;:&quot;0&quot;,&quot;credit&quot;:&quot;&quot;,&quot;camera&quot;:&quot;&quot;,&quot;caption&quot;:&quot;&quot;,&quot;created_timestamp&quot;:&quot;1666338826&quot;,&quot;copyright&quot;:&quot;&quot;,&quot;focal_length&quot;:&quot;0&quot;,&quot;iso&quot;:&quot;0&quot;,&quot;shutter_speed&quot;:&quot;0&quot;,&quot;title&quot;:&quot;&quot;,&quot;orientation&quot;:&quot;1&quot;}\" data-image-title=\"terraza pension espa\u00f1a cadiz\" data-image-description=\"\" data-image-caption=\"\" data-large-file=\"https:\/\/www.pensionespana.es\/web\/wp-content\/uploads\/2022\/10\/terraza-pension-espana-cadiz-1024x768.jpeg\" \/><\/a>\n\t\t\t<\/div><\/figure><figure class='gallery-item'>\n\t\t\t<div class='gallery-icon portrait'>\n\t\t\t\t<a data-elementor-open-lightbox=\"yes\" data-elementor-lightbox-slideshow=\"ab75bd4\" data-elementor-lightbox-title=\"terrace in pension espa\u00f1a cadice\" data-e-action-hash=\"#elementor-action%3Aaction%3Dlightbox%26settings%3DeyJpZCI6NTg4LCJ1cmwiOiJodHRwczpcL1wvd3d3LnBlbnNpb25lc3BhbmEuZXNcL3dlYlwvd3AtY29udGVudFwvdXBsb2Fkc1wvMjAyMlwvMTBcL3RlcnJhY2UtaW4tcGVuc2lvbi1lc3BhbmEtY2FkaWNlLXNjYWxlZC5qcGVnIiwic2xpZGVzaG93IjoiYWI3NWJkNCJ9\" href='https:\/\/www.pensionespana.es\/web\/wp-content\/uploads\/2022\/10\/terrace-in-pension-espana-cadice-scaled.jpeg'><img decoding=\"async\" width=\"150\" height=\"150\" src=\"https:\/\/www.pensionespana.es\/web\/wp-content\/uploads\/2022\/10\/terrace-in-pension-espana-cadice-150x150.jpeg\" class=\"attachment-thumbnail size-thumbnail\" alt=\"Terraza pensi\u00f3n Espa\u00f1a\" data-attachment-id=\"588\" data-permalink=\"https:\/\/www.pensionespana.es\/web\/terrace-in-pension-espana-cadice\/\" data-orig-file=\"https:\/\/www.pensionespana.es\/web\/wp-content\/uploads\/2022\/10\/terrace-in-pension-espana-cadice-scaled.jpeg\" data-orig-size=\"1920,2560\" data-comments-opened=\"1\" data-image-meta=\"{&quot;aperture&quot;:&quot;0&quot;,&quot;credit&quot;:&quot;&quot;,&quot;camera&quot;:&quot;&quot;,&quot;caption&quot;:&quot;&quot;,&quot;created_timestamp&quot;:&quot;1666338824&quot;,&quot;copyright&quot;:&quot;&quot;,&quot;focal_length&quot;:&quot;0&quot;,&quot;iso&quot;:&quot;0&quot;,&quot;shutter_speed&quot;:&quot;0&quot;,&quot;title&quot;:&quot;&quot;,&quot;orientation&quot;:&quot;1&quot;}\" data-image-title=\"terrace in pension espa\u00f1a cadice\" data-image-description=\"\" data-image-caption=\"\" data-large-file=\"https:\/\/www.pensionespana.es\/web\/wp-content\/uploads\/2022\/10\/terrace-in-pension-espana-cadice-768x1024.jpeg\" \/><\/a>\n\t\t\t<\/div><\/figure><figure class='gallery-item'>\n\t\t\t<div class='gallery-icon landscape'>\n\t\t\t\t<a data-elementor-open-lightbox=\"yes\" data-elementor-lightbox-slideshow=\"ab75bd4\" data-elementor-lightbox-title=\"terrace hostal espa\u00f1a cadiz\" data-e-action-hash=\"#elementor-action%3Aaction%3Dlightbox%26settings%3DeyJpZCI6NTg3LCJ1cmwiOiJodHRwczpcL1wvd3d3LnBlbnNpb25lc3BhbmEuZXNcL3dlYlwvd3AtY29udGVudFwvdXBsb2Fkc1wvMjAyMlwvMTBcL3RlcnJhY2UtaG9zdGFsLWVzcGFuYS1jYWRpei1zY2FsZWQuanBlZyIsInNsaWRlc2hvdyI6ImFiNzViZDQifQ%3D%3D\" href='https:\/\/www.pensionespana.es\/web\/wp-content\/uploads\/2022\/10\/terrace-hostal-espana-cadiz-scaled.jpeg'><img loading=\"lazy\" decoding=\"async\" width=\"150\" height=\"150\" src=\"https:\/\/www.pensionespana.es\/web\/wp-content\/uploads\/2022\/10\/terrace-hostal-espana-cadiz-150x150.jpeg\" class=\"attachment-thumbnail size-thumbnail\" alt=\"Terraza pensi\u00f3n Espa\u00f1a\" data-attachment-id=\"587\" data-permalink=\"https:\/\/www.pensionespana.es\/web\/terrace-hostal-espana-cadiz\/\" data-orig-file=\"https:\/\/www.pensionespana.es\/web\/wp-content\/uploads\/2022\/10\/terrace-hostal-espana-cadiz-scaled.jpeg\" data-orig-size=\"2560,1920\" data-comments-opened=\"1\" data-image-meta=\"{&quot;aperture&quot;:&quot;0&quot;,&quot;credit&quot;:&quot;&quot;,&quot;camera&quot;:&quot;&quot;,&quot;caption&quot;:&quot;&quot;,&quot;created_timestamp&quot;:&quot;1666338822&quot;,&quot;copyright&quot;:&quot;&quot;,&quot;focal_length&quot;:&quot;0&quot;,&quot;iso&quot;:&quot;0&quot;,&quot;shutter_speed&quot;:&quot;0&quot;,&quot;title&quot;:&quot;&quot;,&quot;orientation&quot;:&quot;1&quot;}\" data-image-title=\"terrace hostal espa\u00f1a cadiz\" data-image-description=\"\" data-image-caption=\"\" data-large-file=\"https:\/\/www.pensionespana.es\/web\/wp-content\/uploads\/2022\/10\/terrace-hostal-espana-cadiz-1024x768.jpeg\" \/><\/a>\n\t\t\t<\/div><\/figure>\n\t\t<\/div>\n\t\t<\/div>\n\t\t\t\t\t\t<\/div>\n\t\t\t\t<\/div>\n\t\t\t\t\t<\/div>\n\t\t<\/div>\n\t\t\t\t<div class=\"elementor-column elementor-col-50 elementor-inner-column elementor-element elementor-element-076c7b5\" data-id=\"076c7b5\" data-element_type=\"column\" data-e-type=\"column\">\n\t\t\t<div class=\"elementor-widget-wrap elementor-element-populated\">\n\t\t\t\t\t\t<div class=\"elementor-element elementor-element-5576432 elementor-widget elementor-widget-heading\" data-id=\"5576432\" data-element_type=\"widget\" data-e-type=\"widget\" data-widget_type=\"heading.default\">\n\t\t\t\t<div class=\"elementor-widget-container\">\n\t\t\t\t\t<h2 class=\"elementor-heading-title elementor-size-default\">Terraza<\/h2>\t\t\t\t<\/div>\n\t\t\t\t<\/div>\n\t\t\t\t<div class=\"elementor-element elementor-element-e18dd79 elementor-widget elementor-widget-text-editor\" data-id=\"e18dd79\" data-element_type=\"widget\" data-e-type=\"widget\" data-widget_type=\"text-editor.default\">\n\t\t\t\t<div class=\"elementor-widget-container\">\n\t\t\t\t\t\t\t\t\t<p>\u00a0Los hu\u00e9spedes pueden relajarse en nuestra terraza privada de 8:00h a 00:00h y disfrutar de las maravillosas vistas de la Catedral y los preciosos atardeceres de C\u00e1diz.\u00a0<\/p>\t\t\t\t\t\t\t\t<\/div>\n\t\t\t\t<\/div>\n\t\t\t\t\t<\/div>\n\t\t<\/div>\n\t\t\t\t\t<\/div>\n\t\t<\/section>\n\t\t\t\t\t<\/div>\n\t\t<\/div>\n\t\t\t\t\t<\/div>\n\t\t<\/section>\n\t\t\t\t<\/div>\n\t\t","protected":false},"excerpt":{"rendered":"<p>Localizaci\u00f3n La Pensi\u00f3n Espa\u00f1a est\u00e1 ubicada en un edificio del Siglo XVIII restaurado donde a\u00fan se conserva la estructura original. Disponemos de recepci\u00f3n 24 horas, venta de bebidas, zona de conexi\u00f3n wifi-gratuita y consigna donde dejar la maleta. Debido a las caracter\u00edsticas arquitect\u00f3nicas de este edificio no disponemos de ascensor. Estaremos encantados de facilitar informaci\u00f3n&hellip;&nbsp;<a href=\"https:\/\/www.pensionespana.es\/web\/\" rel=\"bookmark\">Leer m\u00e1s &raquo;<span class=\"screen-reader-text\">Home<\/span><\/a><\/p>\n","protected":false},"author":1,"featured_media":0,"parent":0,"menu_order":0,"comment_status":"closed","ping_status":"closed","template":"page-templates\/template-pagebuilder-full-width.php","meta":{"neve_meta_sidebar":"full-width","neve_meta_container":"","neve_meta_enable_content_width":"on","neve_meta_content_width":100,"neve_meta_title_alignment":"","neve_meta_author_avatar":"","neve_post_elements_order":"","neve_meta_disable_header":"","neve_meta_disable_footer":"","neve_meta_disable_title":"on","neve_meta_reading_time":"","advanced_seo_description":"","jetpack_seo_html_title":"","jetpack_seo_noindex":false,"footnotes":""},"class_list":["post-515","page","type-page","status-publish","hentry"],"jetpack_sharing_enabled":true,"_links":{"self":[{"href":"https:\/\/www.pensionespana.es\/web\/wp-json\/wp\/v2\/pages\/515","targetHints":{"allow":["GET"]}}],"collection":[{"href":"https:\/\/www.pensionespana.es\/web\/wp-json\/wp\/v2\/pages"}],"about":[{"href":"https:\/\/www.pensionespana.es\/web\/wp-json\/wp\/v2\/types\/page"}],"author":[{"embeddable":true,"href":"https:\/\/www.pensionespana.es\/web\/wp-json\/wp\/v2\/users\/1"}],"replies":[{"embeddable":true,"href":"https:\/\/www.pensionespana.es\/web\/wp-json\/wp\/v2\/comments?post=515"}],"version-history":[{"count":15,"href":"https:\/\/www.pensionespana.es\/web\/wp-json\/wp\/v2\/pages\/515\/revisions"}],"predecessor-version":[{"id":744,"href":"https:\/\/www.pensionespana.es\/web\/wp-json\/wp\/v2\/pages\/515\/revisions\/744"}],"wp:attachment":[{"href":"https:\/\/www.pensionespana.es\/web\/wp-json\/wp\/v2\/media?parent=515"}],"curies":[{"name":"wp","href":"https:\/\/api.w.org\/{rel}","templated":true}]}}