{"id":1044,"date":"2023-01-18T16:58:55","date_gmt":"2023-01-18T16:58:55","guid":{"rendered":"https:\/\/www.pensionespana.es\/web\/?page_id=1044"},"modified":"2023-01-18T17:09:06","modified_gmt":"2023-01-18T17:09:06","slug":"reserva-on-line","status":"publish","type":"page","link":"https:\/\/www.pensionespana.es\/web\/reserva-on-line\/","title":{"rendered":"Reserva on-line"},"content":{"rendered":"\n<iframe id=\"ohbe_iframe\" width=\"100%\" height=\"2000\" src=\"https:\/\/booking.redforts.com\/iframe\/q3wS\/\"><\/iframe>\n","protected":false},"excerpt":{"rendered":"","protected":false},"author":1,"featured_media":0,"parent":0,"menu_order":0,"comment_status":"closed","ping_status":"closed","template":"page-templates\/template-pagebuilder-full-width.php","meta":{"neve_meta_sidebar":"","neve_meta_container":"","neve_meta_enable_content_width":"","neve_meta_content_width":0,"neve_meta_title_alignment":"","neve_meta_author_avatar":"","neve_post_elements_order":"","neve_meta_disable_header":"","neve_meta_disable_footer":"","neve_meta_disable_title":"","neve_meta_reading_time":"","advanced_seo_description":"Obt\u00e9n confirmaci\u00f3n inmediata de la reserva de tu alojamiento.","jetpack_seo_html_title":"Reserva on-line Pensi\u00f3n Espa\u00f1a","jetpack_seo_noindex":false,"footnotes":""},"class_list":["post-1044","page","type-page","status-publish","hentry"],"jetpack_sharing_enabled":true,"_links":{"self":[{"href":"https:\/\/www.pensionespana.es\/web\/wp-json\/wp\/v2\/pages\/1044","targetHints":{"allow":["GET"]}}],"collection":[{"href":"https:\/\/www.pensionespana.es\/web\/wp-json\/wp\/v2\/pages"}],"about":[{"href":"https:\/\/www.pensionespana.es\/web\/wp-json\/wp\/v2\/types\/page"}],"author":[{"embeddable":true,"href":"https:\/\/www.pensionespana.es\/web\/wp-json\/wp\/v2\/users\/1"}],"replies":[{"embeddable":true,"href":"https:\/\/www.pensionespana.es\/web\/wp-json\/wp\/v2\/comments?post=1044"}],"version-history":[{"count":10,"href":"https:\/\/www.pensionespana.es\/web\/wp-json\/wp\/v2\/pages\/1044\/revisions"}],"predecessor-version":[{"id":1058,"href":"https:\/\/www.pensionespana.es\/web\/wp-json\/wp\/v2\/pages\/1044\/revisions\/1058"}],"wp:attachment":[{"href":"https:\/\/www.pensionespana.es\/web\/wp-json\/wp\/v2\/media?parent=1044"}],"curies":[{"name":"wp","href":"https:\/\/api.w.org\/{rel}","templated":true}]}}